{"id":16386,"date":"2018-10-17T14:49:21","date_gmt":"2018-10-17T12:49:21","guid":{"rendered":"https:\/\/www.campingvillageoasi.it\/?page_id=16386"},"modified":"2026-01-29T09:04:49","modified_gmt":"2026-01-29T08:04:49","slug":"privacy","status":"publish","type":"page","link":"https:\/\/www.campingvillageoasi.it\/de\/privacy\/","title":{"rendered":"Privacy Policy"},"content":{"rendered":"<p>[vc_row][vc_column icons_position=&#8220;left&#8220;][vc_column_text]<\/p>\n<h2 data-start=\"4158\" data-end=\"4173\">WER WIR SIND<\/h2>\n<p data-start=\"4175\" data-end=\"4236\">Die Adresse unserer Website lautet: <a class=\"decorated-link\" href=\"http:\/\/www.campingvillageoasi.it\" target=\"_new\" rel=\"noopener\" data-start=\"4211\" data-end=\"4236\">www.campingvillageoasi.it<\/a><\/p>\n<p data-start=\"4238\" data-end=\"4389\">Diese Datenschutzerkl\u00e4rung informiert \u00fcber die Erhebung und Nutzung personenbezogener Daten gem\u00e4\u00df Gesetz 193\/2003 und der DSGVO (EU-Verordnung 679\/16).<\/p>\n<hr data-start=\"4391\" data-end=\"4394\" \/>\n<h2 data-start=\"4396\" data-end=\"4451\">WELCHE PERSONENBEZOGENEN DATEN WIR ERHEBEN UND WARUM<\/h2>\n<h3 data-start=\"4453\" data-end=\"4467\">KOMMENTARE<\/h3>\n<p data-start=\"4469\" data-end=\"4608\">Wenn Besucher Kommentare hinterlassen, erfassen wir die im Formular angegebenen Daten sowie IP-Adresse und Browserdaten zur Spam-Erkennung.<\/p>\n<p data-start=\"4610\" data-end=\"4770\">Eine anonymisierte Zeichenfolge (Hash) aus Ihrer E-Mail-Adresse kann an Gravatar \u00fcbermittelt werden. Die Datenschutzrichtlinie: <a class=\"decorated-link\" href=\"https:\/\/automattic.com\/privacy\/\" target=\"_new\" rel=\"noopener\" data-start=\"4738\" data-end=\"4769\">https:\/\/automattic.com\/privacy\/<\/a>.<\/p>\n<hr data-start=\"4772\" data-end=\"4775\" \/>\n<h3 data-start=\"4777\" data-end=\"4787\">MEDIEN<\/h3>\n<p data-start=\"4789\" data-end=\"4893\">Bitte laden Sie keine Bilder mit Standortdaten (EXIF GPS) hoch. Besucher k\u00f6nnen diese Daten extrahieren.<\/p>\n<hr data-start=\"4895\" data-end=\"4898\" \/>\n<h3 data-start=\"4900\" data-end=\"4919\">KONTAKTFORMULAR<\/h3>\n<p data-start=\"4921\" data-end=\"5014\">Ihre Daten werden zur Beantwortung Ihrer Anfrage verwendet und nicht an Dritte weitergegeben.<\/p>\n<p data-start=\"5016\" data-end=\"5051\">Kontakt: <a class=\"decorated-link cursor-pointer\" rel=\"noopener\" data-start=\"5025\" data-end=\"5051\">info@campingvillageoasi.it<\/a><\/p>\n<hr data-start=\"5053\" data-end=\"5056\" \/>\n<h3 data-start=\"5058\" data-end=\"5069\">COOKIES<\/h3>\n<p data-start=\"5071\" data-end=\"5149\">Beim Kommentieren k\u00f6nnen Name, E-Mail und Website gespeichert werden (1 Jahr).<\/p>\n<p data-start=\"5151\" data-end=\"5203\">Tempor\u00e4re Cookies pr\u00fcfen die Browser-Kompatibilit\u00e4t.<\/p>\n<p data-start=\"5205\" data-end=\"5285\">Login-Cookies: 2 Tage<br data-start=\"5226\" data-end=\"5229\" \/>Anzeigeoptionen: 1 Jahr<br data-start=\"5252\" data-end=\"5255\" \/>\u201eAngemeldet bleiben\u201c: 2 Wochen<\/p>\n<p data-start=\"5287\" data-end=\"5314\">Bearbeitungs-Cookies: 1 Tag<\/p>\n<hr data-start=\"5316\" data-end=\"5319\" \/>\n<h3 data-start=\"5321\" data-end=\"5345\">EINGEBETTETE INHALTE<\/h3>\n<p data-start=\"5347\" data-end=\"5449\">Eingebettete Inhalte verhalten sich wie ein Besuch auf der externen Website und k\u00f6nnen Daten erfassen.<\/p>\n<hr data-start=\"5451\" data-end=\"5454\" \/>\n<h2 data-start=\"5456\" data-end=\"5472\">SPEICHERDAUER<\/h2>\n<p data-start=\"5474\" data-end=\"5515\">Kommentare werden unbegrenzt gespeichert.<\/p>\n<p data-start=\"5517\" data-end=\"5597\">Registrierte Benutzer k\u00f6nnen ihre Daten jederzeit einsehen, \u00e4ndern oder l\u00f6schen.<\/p>\n<hr data-start=\"5599\" data-end=\"5602\" \/>\n<h2 data-start=\"5604\" data-end=\"5618\">IHRE RECHTE<\/h2>\n<p data-start=\"5620\" data-end=\"5740\">Sie k\u00f6nnen eine Kopie Ihrer Daten anfordern oder deren L\u00f6schung verlangen, sofern keine gesetzlichen Pflichten bestehen.<\/p>\n<p data-start=\"5742\" data-end=\"5777\">Kontakt: <a class=\"decorated-link cursor-pointer\" rel=\"noopener\" data-start=\"5751\" data-end=\"5777\">info@campingvillageoasi.it<\/a><\/p>\n<hr data-start=\"5779\" data-end=\"5782\" \/>\n<h2 data-start=\"5784\" data-end=\"5804\">DATEN\u00dcBERMITTLUNG<\/h2>\n<p data-start=\"5806\" data-end=\"5871\">Kommentare k\u00f6nnen durch automatische Spamfilter \u00fcberpr\u00fcft werden.<\/p>\n<hr data-start=\"5873\" data-end=\"5876\" \/>\n<h2 data-start=\"5878\" data-end=\"5901\">KONTAKTINFORMATIONEN<\/h2>\n<p data-start=\"5903\" data-end=\"6111\">VOLTONCINO &#8211; S.R.L.<br data-start=\"5922\" data-end=\"5925\" \/>Adresse: S.S. Aurelia, Km 152.5 \u2013 58015 Albinia (GR), Italien<br data-start=\"5986\" data-end=\"5989\" \/>Telefon: +39 0564 871588<br data-start=\"6013\" data-end=\"6016\" \/>E-Mail: <a class=\"decorated-link cursor-pointer\" rel=\"noopener\" data-start=\"6024\" data-end=\"6050\">info@campingvillageoasi.it<\/a><br data-start=\"6050\" data-end=\"6053\" \/>USt-IdNr.: 01148820531<br data-start=\"6075\" data-end=\"6078\" \/>PEC: <a class=\"decorated-link cursor-pointer\" rel=\"noopener\" data-start=\"6083\" data-end=\"6109\">voltoncinosrl@legalmail.it<\/a><\/p>\n<hr data-start=\"6113\" data-end=\"6116\" \/>\n<h2 data-start=\"6118\" data-end=\"6156\">ZUS\u00c4TZLICHE INFORMATIONEN \u2013 COOKIES<\/h2>\n<h3 data-start=\"6158\" data-end=\"6181\">Was ist ein Cookie?<\/h3>\n<p data-start=\"6183\" data-end=\"6293\">Ein Cookie ist eine kleine Datei, die auf Ihrem Ger\u00e4t gespeichert wird und die Nutzung der Website verbessert.<\/p>\n<hr data-start=\"6295\" data-end=\"6298\" \/>\n<h3 data-start=\"6300\" data-end=\"6316\">Cookie-Arten<\/h3>\n<p data-start=\"6318\" data-end=\"6372\"><strong data-start=\"6318\" data-end=\"6340\">Technische Cookies<\/strong><br data-start=\"6340\" data-end=\"6343\" \/>Erforderlich f\u00fcr den Betrieb.<\/p>\n<p data-start=\"6374\" data-end=\"6433\"><strong data-start=\"6374\" data-end=\"6397\">Funktionale Cookies<\/strong><br data-start=\"6397\" data-end=\"6400\" \/>Verbessern die Benutzererfahrung.<\/p>\n<p data-start=\"6435\" data-end=\"6481\"><strong data-start=\"6435\" data-end=\"6454\">Analyse-Cookies<\/strong><br data-start=\"6454\" data-end=\"6457\" \/>F\u00fcr statistische Zwecke.<\/p>\n<p data-start=\"6483\" data-end=\"6535\"><strong data-start=\"6483\" data-end=\"6504\">Marketing-Cookies<\/strong><br data-start=\"6504\" data-end=\"6507\" \/>F\u00fcr personalisierte Werbung.<\/p>\n<p data-start=\"6537\" data-end=\"6590\"><strong data-start=\"6537\" data-end=\"6561\">Social-Media-Cookies<\/strong><br data-start=\"6561\" data-end=\"6564\" \/>F\u00fcr soziale Interaktionen.<\/p>\n<hr data-start=\"6592\" data-end=\"6595\" \/>\n<h3 data-start=\"6597\" data-end=\"6618\">Cookie-Verwaltung<\/h3>\n<p data-start=\"6620\" data-end=\"6717\">Cookies k\u00f6nnen im Browser verwaltet werden. Eine Deaktivierung kann die Funktion beeintr\u00e4chtigen.<\/p>\n<p data-start=\"6719\" data-end=\"6759\">Weitere Infos: <a class=\"decorated-link\" href=\"http:\/\/www.youronlinechoices.com\" target=\"_new\" rel=\"noopener\" data-start=\"6734\" data-end=\"6759\">www.youronlinechoices.com<\/a><\/p>\n<hr data-start=\"6761\" data-end=\"6764\" \/>\n<h3 data-start=\"6766\" data-end=\"6791\">Drittanbieter-Dienste<\/h3>\n<p data-start=\"6793\" data-end=\"6856\"><strong data-start=\"6793\" data-end=\"6813\">Facebook Widgets<\/strong><br data-start=\"6813\" data-end=\"6816\" \/>Daten: Cookies, Nutzungsdaten<br data-start=\"6845\" data-end=\"6848\" \/>Ort: USA<\/p>\n<p data-start=\"6858\" data-end=\"6941\"><strong data-start=\"6858\" data-end=\"6898\">Google Analytics (IP-Anonymisierung)<\/strong><br data-start=\"6898\" data-end=\"6901\" \/>Daten: Cookies, Nutzungsdaten<br data-start=\"6930\" data-end=\"6933\" \/>Ort: USA<\/p>\n<p>[\/vc_column_text][\/vc_column][\/vc_row]<\/p>\n","protected":false},"excerpt":{"rendered":"<p>[vc_row][vc_column icons_position=&#8220;left&#8220;][vc_column_text] WER WIR SIND Die Adresse unserer Website lautet: www.campingvillageoasi.it Diese Datenschutzerkl\u00e4rung informiert \u00fcber die Erhebung und Nutzung personenbezogener Daten gem\u00e4\u00df Gesetz 193\/2003 und der DSGVO (EU-Verordnung 679\/16). WELCHE PERSONENBEZOGENEN DATEN WIR ERHEBEN UND WARUM KOMMENTARE Wenn Besucher Kommentare&hellip;<\/p>\n","protected":false},"author":1,"featured_media":0,"parent":0,"menu_order":0,"comment_status":"closed","ping_status":"closed","template":"","meta":{"_themeisle_gutenberg_block_has_review":false,"footnotes":""},"class_list":["post-16386","page","type-page","status-publish","hentry"],"_links":{"self":[{"href":"https:\/\/www.campingvillageoasi.it\/de\/wp-json\/wp\/v2\/pages\/16386","targetHints":{"allow":["GET"]}}],"collection":[{"href":"https:\/\/www.campingvillageoasi.it\/de\/wp-json\/wp\/v2\/pages"}],"about":[{"href":"https:\/\/www.campingvillageoasi.it\/de\/wp-json\/wp\/v2\/types\/page"}],"author":[{"embeddable":true,"href":"https:\/\/www.campingvillageoasi.it\/de\/wp-json\/wp\/v2\/users\/1"}],"replies":[{"embeddable":true,"href":"https:\/\/www.campingvillageoasi.it\/de\/wp-json\/wp\/v2\/comments?post=16386"}],"version-history":[{"count":1,"href":"https:\/\/www.campingvillageoasi.it\/de\/wp-json\/wp\/v2\/pages\/16386\/revisions"}],"predecessor-version":[{"id":16387,"href":"https:\/\/www.campingvillageoasi.it\/de\/wp-json\/wp\/v2\/pages\/16386\/revisions\/16387"}],"wp:attachment":[{"href":"https:\/\/www.campingvillageoasi.it\/de\/wp-json\/wp\/v2\/media?parent=16386"}],"curies":[{"name":"wp","href":"https:\/\/api.w.org\/{rel}","templated":true}]}}