{"id":5310,"date":"2022-11-24T17:41:46","date_gmt":"2022-11-24T16:41:46","guid":{"rendered":"http:\/\/new.campingvillageoasi.it\/location-copy\/"},"modified":"2026-04-14T10:17:14","modified_gmt":"2026-04-14T08:17:14","slug":"ort","status":"publish","type":"page","link":"https:\/\/www.campingvillageoasi.it\/de\/ort\/","title":{"rendered":"Ort"},"content":{"rendered":"<p>[vc_row full_width=&#8220;stretch_row&#8220; hide_bg_image_on_tablet=&#8220;&#8220; hide_bg_image_on_mobile=&#8220;&#8220; css=&#8220;.vc_custom_1675090371379{padding-bottom: 1.3vw !important;background-color: #efeeea !important;}&#8220; el_class=&#8220;bookingrow&#8220;][vc_column icons_position=&#8220;left&#8220;][vc_column_text]Buchen Sie Ihren Urlaub im Camping Village Oasi online, Bestpreisgarantie[\/vc_column_text][vc_raw_html]JTVCb2FzaV9zaW1wbGVib29raW5nJTIwbGFuZyUzRCUyMkFVVE8lMjIlNUQ=[\/vc_raw_html][\/vc_column][\/vc_row][vc_row full_width=&#8220;stretch_row&#8220; hide_bg_image_on_tablet=&#8220;&#8220; hide_bg_image_on_mobile=&#8220;&#8220; css=&#8220;.vc_custom_1669736999501{margin-top: -1px !important;background-image: url(https:\/\/www.campingvillageoasi.it\/wp-content\/uploads\/2022\/11\/subheader-background.png?id=3853) !important;background-position: bottom center !important;background-repeat: no-repeat !important;}&#8220;][vc_column hide_bg_image_on_tablet=&#8220;&#8220; hide_bg_image_on_mobile=&#8220;&#8220; icons_position=&#8220;left&#8220; css=&#8220;.vc_custom_1524663957365{background-size: cover !important;}&#8220;][vc_empty_space height=&#8220;2.5vw&#8220; alter_height=&#8220;none&#8220; hide_on_desktop=&#8220;&#8220; hide_on_notebook=&#8220;&#8220; hide_on_tablet=&#8220;&#8220; hide_on_mobile=&#8220;&#8220;][\/vc_column][\/vc_row][vc_row][vc_column icons_position=&#8220;left&#8220;][vc_empty_space height=&#8220;4vw&#8220; alter_height=&#8220;none&#8220; hide_on_desktop=&#8220;&#8220; hide_on_notebook=&#8220;&#8220; hide_on_tablet=&#8220;&#8220; hide_on_mobile=&#8220;&#8220;][\/vc_column][\/vc_row][vc_row][vc_column width=&#8220;1\/2&#8243; icons_position=&#8220;left&#8220;][vc_column_text]<\/p>\n<h1 style=\"text-align: left;\">Ort<\/h1>\n<h6>S.S Aurelia, Km 152, 5 &#8211; 58015 Albinia (GR)<\/h6>\n<p><a class=\"ctaprezzi ctaindicazioni\" href=\"https:\/\/www.google.com\/maps\/dir\/\/Camping+Village+Oasi,+km.152.5,+SS+1,+58015+Orbetello+GR\/@42.5193824,11.1922149,15z\/data=!4m8!4m7!1m0!1m5!1m1!1s0x132851b083046157:0xc6b73daaa1d8885f!2m2!1d11.1922149!2d42.5193824\" target=\"_blank\" rel=\"nofollow noopener\">Richtungen<\/a><\/p>\n<p><strong>GPS Koordinaten <\/strong> : 42.519426 , 11.192287<\/p>\n<p>Wenn Sie <strong>mit dem Auto anreisen<\/strong>, hier einige praktische Tipps:<\/p>\n<ul>\n<li><strong>Von Rom<\/strong> (<em>160 km<\/em>): Nehmen Sie die Autobahn A12 bis Civitavecchia, dann fahren Sie auf der Autobahn SS1 Aurelia; 1 km nach der Ausfahrt Albinia werden Sie Verkehrszeichen\u00a0 \u201eCampeggi\u201c zu erreichen unsere Einrichtungen.<\/li>\n<li><strong>Von Florenz<\/strong> (<em>180 km<\/em>): die Autobahn A12 Firenze Impruneta nehmen \u2013 Siena und die E78 Autobahn dann in Richtung Siena \u2013 Grosseto und nehmen Sie die Ausfahrt SS1; 3 km nach der Ausfahrt Fonteblanda werden Sie Verkehrszeichen\u00a0 \u201eCampeggi\u201c zu erreichen unsere Einrichtungen.<\/li>\n<li><strong>Von Pisa<\/strong> (<em>170 km<\/em>): Nehmen Sie die Autobahn A12 in Richtung Rosignano\u00a0 und die SS1 Aurelia dann; 3 km nach der Ausfahrt Fonteblanda werden Sie Verkehrszeichen\u00a0 \u201eCampeggi\u201c zu erreichen unsere Einrichtungen.<\/li>\n<\/ul>\n<p>[\/vc_column_text][vc_empty_space height=&#8220;28px&#8220; alter_height=&#8220;none&#8220; hide_on_desktop=&#8220;&#8220; hide_on_notebook=&#8220;&#8220; hide_on_tablet=&#8220;&#8220; hide_on_mobile=&#8220;&#8220;][\/vc_column][vc_column width=&#8220;1\/2&#8243; icons_position=&#8220;left&#8220;][vc_column_text]<\/p>\n<h1 style=\"text-align: left;\">Campingdorf Oasi<\/h1>\n<h6>in Albinia an der K\u00fcste der Costa d&#8217;Argentario<\/h6>\n<p>Der Campingplatz liegt auf der Silberk\u00fcste in der <strong>N\u00e4he der touristischen Zentren von Argentario<\/strong> montieren wie <strong>Orbetello<\/strong>, <strong>Porto Santo Stefano<\/strong>, <strong>Porto Ercole<\/strong> und <strong>Talamone<\/strong>. Die <strong>Osa und Saturnia Thermen<\/strong> sind nicht weit entfernt. Es ist m\u00f6glich, <strong>Giglio<\/strong> und <strong>Giannutri Inseln<\/strong> mit F\u00e4hren zu erreichen, so dass von Porto Santo Stefano.<\/p>\n<p>Es ist besonders spannend, die <strong>mittelalterliche D\u00f6rfer<\/strong> von <strong>Capalbio<\/strong>, <strong>Magliano<\/strong>, <strong>Montemerano<\/strong>, <strong>Pitigliano<\/strong> und <strong>Sovana<\/strong> besuchen, wo Sie die <strong>typischen Weine und die traditionelle K\u00fcche der Toskana<\/strong> zu genie\u00dfen.<\/p>\n<p>Wenn Sie in der <strong>Natur wie Wandern<\/strong>, sollten Sie den <strong>Naturpark der Maremma<\/strong> (<em>etwa 4 km<\/em>) besuchen oder <strong>Oasi WWF<\/strong>\u00a0del <strong>Lago di Burano<\/strong> und <strong>Orbetello Lagune<\/strong>. Wenn Sie <strong>Radfahren<\/strong> bevorzugen, haben Sie die M\u00f6glichkeit, \u201e<strong><em>Tombolo della Giannella<\/em><\/strong>\u201c zu besuchen und bewundern Brache und Rehe und kleine Wildschweine.<\/p>\n<p><a href=\"https:\/\/www.campingvillageoasi.it\/de\/fahrradtourismus\/\" target=\"_blank\" rel=\"noopener\">Dank der Partnerschaft mit Cicloturismo k\u00f6nnen wir Ihnen zahlreiche Strecken zur Auswahl anbieten!<\/a><\/p>\n<p>Der <strong>Garten Giardino dei Tarocchi di Nike St. Phale<\/strong>, einer der ber\u00fchmtesten zeitgen\u00f6ssischen K\u00fcnstlern und der Giebel von <strong>Talamone Tempel<\/strong> sind von besonderem Interesse f\u00fcr Kunstliebhaber. Die wichtigsten <strong>arch\u00e4ologischen St\u00e4tten von Vetulonia<\/strong> im <strong>antiken Etrurien<\/strong> und von <strong>Vulci<\/strong> im <strong>angrenzenden Tuscia<\/strong> sind ebenfalls leicht erreichbar.[\/vc_column_text][vc_empty_space height=&#8220;28px&#8220; alter_height=&#8220;none&#8220; hide_on_desktop=&#8220;&#8220; hide_on_notebook=&#8220;&#8220; hide_on_tablet=&#8220;&#8220; hide_on_mobile=&#8220;&#8220;][\/vc_column][\/vc_row][vc_row][vc_column icons_position=&#8220;left&#8220;][vc_empty_space height=&#8220;4vw&#8220; alter_height=&#8220;none&#8220; hide_on_desktop=&#8220;&#8220; hide_on_notebook=&#8220;&#8220; hide_on_tablet=&#8220;&#8220; hide_on_mobile=&#8220;&#8220;][\/vc_column][\/vc_row][vc_row full_width=&#8220;stretch_row&#8220; hide_bg_image_on_tablet=&#8220;&#8220; hide_bg_image_on_mobile=&#8220;&#8220; css=&#8220;.vc_custom_1669741243033{margin-bottom: -1px !important;background-image: url(https:\/\/www.campingvillageoasi.it\/wp-content\/uploads\/2018\/04\/footer-background.png?id=3505) !important;background-position: top left !important;}&#8220;][vc_column hide_bg_image_on_tablet=&#8220;&#8220; hide_bg_image_on_mobile=&#8220;&#8220; icons_position=&#8220;left&#8220; css=&#8220;.vc_custom_1524663957365{background-size: cover !important;}&#8220;][vc_empty_space height=&#8220;3.5vw&#8220; alter_height=&#8220;none&#8220; hide_on_desktop=&#8220;&#8220; hide_on_notebook=&#8220;&#8220; hide_on_tablet=&#8220;&#8220; hide_on_mobile=&#8220;&#8220;][\/vc_column][\/vc_row][vc_row full_width=&#8220;stretch_row_content_no_spaces&#8220; hide_bg_image_on_tablet=&#8220;&#8220; hide_bg_image_on_mobile=&#8220;&#8220; css=&#8220;.vc_custom_1526732434775{background-color: #efeeea !important;}&#8220;][vc_column icons_position=&#8220;left&#8220;][vc_column_text]<\/p>\n<h3 style=\"text-align: center;\">Campingkarte<\/h3>\n<p>[\/vc_column_text][vc_empty_space height=&#8220;3.2vw&#8220; alter_height=&#8220;none&#8220; hide_on_desktop=&#8220;&#8220; hide_on_notebook=&#8220;&#8220; hide_on_tablet=&#8220;&#8220; hide_on_mobile=&#8220;&#8220;][vc_single_image image=&#8220;4491&#8243; img_size=&#8220;full&#8220; alignment=&#8220;center&#8220;][vc_empty_space height=&#8220;5.2vw&#8220; alter_height=&#8220;none&#8220; hide_on_desktop=&#8220;&#8220; hide_on_notebook=&#8220;&#8220; hide_on_tablet=&#8220;&#8220; hide_on_mobile=&#8220;&#8220;][\/vc_column][\/vc_row]<\/p>\n","protected":false},"excerpt":{"rendered":"<p>[vc_row full_width=&#8220;stretch_row&#8220; hide_bg_image_on_tablet=&#8220;&#8220; hide_bg_image_on_mobile=&#8220;&#8220; css=&#8220;.vc_custom_1675090371379{padding-bottom: 1.3vw !important;background-color: #efeeea !important;}&#8220; el_class=&#8220;bookingrow&#8220;][vc_column icons_position=&#8220;left&#8220;][vc_column_text]Buchen Sie Ihren Urlaub im Camping Village Oasi online, Bestpreisgarantie[\/vc_column_text][vc_raw_html]JTVCb2FzaV9zaW1wbGVib29raW5nJTIwbGFuZyUzRCUyMkFVVE8lMjIlNUQ=[\/vc_raw_html][\/vc_column][\/vc_row][vc_row full_width=&#8220;stretch_row&#8220; hide_bg_image_on_tablet=&#8220;&#8220; hide_bg_image_on_mobile=&#8220;&#8220; css=&#8220;.vc_custom_1669736999501{margin-top: -1px !important;background-image: url(https:\/\/www.campingvillageoasi.it\/wp-content\/uploads\/2022\/11\/subheader-background.png?id=3853) !important;background-position: bottom center !important;background-repeat: no-repeat !important;}&#8220;][vc_column hide_bg_image_on_tablet=&#8220;&#8220; hide_bg_image_on_mobile=&#8220;&#8220; icons_position=&#8220;left&#8220; css=&#8220;.vc_custom_1524663957365{background-size: cover !important;}&#8220;][vc_empty_space height=&#8220;2.5vw&#8220;&hellip;<\/p>\n","protected":false},"author":1,"featured_media":0,"parent":0,"menu_order":0,"comment_status":"closed","ping_status":"closed","template":"","meta":{"_themeisle_gutenberg_block_has_review":false,"footnotes":""},"class_list":["post-5310","page","type-page","status-publish","hentry"],"_links":{"self":[{"href":"https:\/\/www.campingvillageoasi.it\/de\/wp-json\/wp\/v2\/pages\/5310","targetHints":{"allow":["GET"]}}],"collection":[{"href":"https:\/\/www.campingvillageoasi.it\/de\/wp-json\/wp\/v2\/pages"}],"about":[{"href":"https:\/\/www.campingvillageoasi.it\/de\/wp-json\/wp\/v2\/types\/page"}],"author":[{"embeddable":true,"href":"https:\/\/www.campingvillageoasi.it\/de\/wp-json\/wp\/v2\/users\/1"}],"replies":[{"embeddable":true,"href":"https:\/\/www.campingvillageoasi.it\/de\/wp-json\/wp\/v2\/comments?post=5310"}],"version-history":[{"count":1,"href":"https:\/\/www.campingvillageoasi.it\/de\/wp-json\/wp\/v2\/pages\/5310\/revisions"}],"predecessor-version":[{"id":17735,"href":"https:\/\/www.campingvillageoasi.it\/de\/wp-json\/wp\/v2\/pages\/5310\/revisions\/17735"}],"wp:attachment":[{"href":"https:\/\/www.campingvillageoasi.it\/de\/wp-json\/wp\/v2\/media?parent=5310"}],"curies":[{"name":"wp","href":"https:\/\/api.w.org\/{rel}","templated":true}]}}