{"id":5321,"date":"2022-11-24T17:39:14","date_gmt":"2022-11-24T16:39:14","guid":{"rendered":"http:\/\/new.campingvillageoasi.it\/camping-argentario\/bungalows-copy\/"},"modified":"2023-02-13T17:57:37","modified_gmt":"2023-02-13T16:57:37","slug":"bungalows","status":"publish","type":"page","link":"https:\/\/www.campingvillageoasi.it\/de\/campingplatz-argentario\/bungalows\/","title":{"rendered":"Bungalows"},"content":{"rendered":"<p>[vc_row el_class=&#8220;schedacarosello&#8220;][vc_column icons_position=&#8220;left&#8220;][vc_images_carousel images=&#8220;4564,4567,4570,4573,4576,4579,4582,4585,4588,4591,4594,4597,4600,4603,4606,4609,4612,4615&#8243; img_size=&#8220;full&#8220; hide_pagination_control=&#8220;yes&#8220; partial_view=&#8220;yes&#8220; wrap=&#8220;yes&#8220;][vc_empty_space height=&#8220;2vw&#8220; alter_height=&#8220;none&#8220; hide_on_desktop=&#8220;&#8220; hide_on_notebook=&#8220;&#8220; hide_on_tablet=&#8220;&#8220; hide_on_mobile=&#8220;&#8220;][vc_row_inner equal_height=&#8220;yes&#8220; content_placement=&#8220;middle&#8220; hide_bg_image_on_tablet=&#8220;&#8220; hide_bg_image_on_mobile=&#8220;&#8220; shape_divider_top_front=&#8220;&#8220; shape_divider_bottom_front=&#8220;&#8220; row_delimiter=&#8220;&#8220; el_class=&#8220;centrati&#8220;][vc_column_inner width=&#8220;1\/2&#8243; icons_position=&#8220;left&#8220;][vc_column_text]<\/p>\n<h1 style=\"text-align: left;\">Bungalows<\/h1>\n<p>[\/vc_column_text][\/vc_column_inner][vc_column_inner width=&#8220;1\/2&#8243; icons_position=&#8220;left&#8220; el_id=&#8220;mappacampeggio&#8220;][vc_icon icon_fontawesome=&#8220;far fa-map&#8220; color=&#8220;custom&#8220; custom_color=&#8220;#3b94b5&#8243;][vc_column_text]<\/p>\n<h6><a href=\"https:\/\/www.campingvillageoasi.it\/wp-content\/uploads\/2023\/01\/mappa-campeggio.jpg\" rel=\"magnific\">Campingkarte<\/a><\/h6>\n<p>[\/vc_column_text][\/vc_column_inner][\/vc_row_inner][vc_row_inner css=&#8220;.vc_custom_1669797274224{padding-top: 35px !important;}&#8220; el_class=&#8220;allineare&#8220;][vc_column_inner width=&#8220;1\/6&#8243; icons_position=&#8220;left&#8220;][vc_icon icon_fontawesome=&#8220;fas fa-couch&#8220; color=&#8220;custom&#8220; custom_color=&#8220;#f2682a&#8220;][vc_column_text]<\/p>\n<p style=\"text-align: center;\">schlafsofa<\/p>\n<p>[\/vc_column_text][\/vc_column_inner][vc_column_inner width=&#8220;1\/6&#8243; icons_position=&#8220;left&#8220;][vc_icon icon_fontawesome=&#8220;fas fa-snowflake&#8220; color=&#8220;custom&#8220; custom_color=&#8220;#f2682a&#8220;][vc_column_text]<\/p>\n<p style=\"text-align: center;\">unabh\u00e4ngige klimaanlage<\/p>\n<p>[\/vc_column_text][\/vc_column_inner][vc_column_inner width=&#8220;1\/6&#8243; icons_position=&#8220;left&#8220;][vc_icon icon_fontawesome=&#8220;fas fa-burn&#8220; color=&#8220;custom&#8220; custom_color=&#8220;#f2682a&#8220;][vc_column_text]<\/p>\n<p style=\"text-align: center;\">kochnische mit brennern<\/p>\n<p>[\/vc_column_text][\/vc_column_inner][vc_column_inner width=&#8220;1\/6&#8243; icons_position=&#8220;left&#8220;][vc_icon icon_fontawesome=&#8220;icon-018_wifi&#8220; color=&#8220;custom&#8220; custom_color=&#8220;#f2682a&#8220;][vc_column_text]<\/p>\n<p style=\"text-align: center;\">wi-fi<\/p>\n<p>[\/vc_column_text][\/vc_column_inner][vc_column_inner width=&#8220;1\/6&#8243; icons_position=&#8220;left&#8220;][vc_icon icon_fontawesome=&#8220;fas fa-tv&#8220; color=&#8220;custom&#8220; custom_color=&#8220;#f2682a&#8220;][vc_column_text]<\/p>\n<p style=\"text-align: center;\">flachbild-fernseher<\/p>\n<p>[\/vc_column_text][\/vc_column_inner][vc_column_inner width=&#8220;1\/6&#8243; icons_position=&#8220;left&#8220;][vc_icon icon_fontawesome=&#8220;fas fa-sun&#8220; color=&#8220;custom&#8220; custom_color=&#8220;#f2682a&#8220;][vc_column_text]<\/p>\n<p style=\"text-align: center;\">au\u00dfenveranda<\/p>\n<p>[\/vc_column_text][\/vc_column_inner][\/vc_row_inner][vc_row_inner equal_height=&#8220;yes&#8220; content_placement=&#8220;middle&#8220;][vc_column_inner icons_position=&#8220;left&#8220;][vc_column_text]<\/p>\n<h4><strong>Zweizimmer<\/strong><\/h4>\n<p>Ins Gesamt 25 qm.[\/vc_column_text][vc_empty_space alter_height=&#8220;none&#8220; hide_on_desktop=&#8220;&#8220; hide_on_notebook=&#8220;&#8220; hide_on_tablet=&#8220;&#8220; hide_on_mobile=&#8220;&#8220;][\/vc_column_inner][vc_column_inner width=&#8220;1\/2&#8243; icons_position=&#8220;left&#8220;][vc_column_text]Dieser Bungalow besteht aus einem einzigen Wohnraum mit Kochnische, Tisch und St\u00fchlen, Schlafsofa; der Schlafbereich mit Ehebett ist durch eine halbe Wand abgetrennt, Toilette, Duschbad und eine \u00fcberdachte Veranda. Klima-Anlage.[\/vc_column_text][\/vc_column_inner][vc_column_inner width=&#8220;1\/2&#8243; icons_position=&#8220;left&#8220;][vc_images_carousel images=&#8220;5500,5512,5509,5503,5506&#8243; img_size=&#8220;full&#8220; hide_pagination_control=&#8220;yes&#8220; partial_view=&#8220;yes&#8220; wrap=&#8220;yes&#8220;][\/vc_column_inner][\/vc_row_inner][vc_empty_space alter_height=&#8220;none&#8220; hide_on_desktop=&#8220;&#8220; hide_on_notebook=&#8220;&#8220; hide_on_tablet=&#8220;&#8220; hide_on_mobile=&#8220;&#8220;][vc_row_inner equal_height=&#8220;yes&#8220; content_placement=&#8220;middle&#8220;][vc_column_inner icons_position=&#8220;left&#8220;][vc_column_text]<\/p>\n<h4><strong>Dreizimmer<\/strong><\/h4>\n<p>Ins Gesamt 42 qm.[\/vc_column_text][vc_empty_space alter_height=&#8220;none&#8220; hide_on_desktop=&#8220;&#8220; hide_on_notebook=&#8220;&#8220; hide_on_tablet=&#8220;&#8220; hide_on_mobile=&#8220;&#8220;][\/vc_column_inner][vc_column_inner width=&#8220;1\/2&#8243; icons_position=&#8220;left&#8220;][vc_column_text]Dieser Bungalow besteht aus zwei getrennten Zimmern (<em>ein mit Ehebett das andere mit zwei Einzelbetten<\/em>), Wohnk\u00fcche mit Schlafsofa, Duschbad mit Toilette, \u00fcberdachte Veranda. Klima-Anlage.[\/vc_column_text][\/vc_column_inner][vc_column_inner width=&#8220;1\/2&#8243; icons_position=&#8220;left&#8220;][vc_images_carousel images=&#8220;5527,5524,5521,5518,5515&#8243; img_size=&#8220;full&#8220; hide_pagination_control=&#8220;yes&#8220; partial_view=&#8220;yes&#8220; wrap=&#8220;yes&#8220;][\/vc_column_inner][\/vc_row_inner][vc_empty_space alter_height=&#8220;none&#8220; hide_on_desktop=&#8220;&#8220; hide_on_notebook=&#8220;&#8220; hide_on_tablet=&#8220;&#8220; hide_on_mobile=&#8220;&#8220;][vc_column_text]Wir informieren Sie, dass die Gemeinde Orbetello die Anwendung der vom Kunden zu zahlenden Kurtaxe in H\u00f6he von 1,50 \u20ac pro Person (\u00fcber 14 Jahre) und Tag f\u00fcr maximal 7 N\u00e4chte eingef\u00fchrt hat. Steuer (nicht im Preis inbegriffen) beim Check-out zu zahlen.[\/vc_column_text][vc_empty_space height=&#8220;64px&#8220; alter_height=&#8220;none&#8220; hide_on_desktop=&#8220;&#8220; hide_on_notebook=&#8220;&#8220; hide_on_tablet=&#8220;&#8220; hide_on_mobile=&#8220;&#8220;][vc_row_inner el_class=&#8220;formtipologia&#8220;][vc_column_inner icons_position=&#8220;left&#8220;][vc_column_text]<\/p>\n<h4>Verf\u00fcgbarkeit anfragen<\/h4>\n<p>[\/vc_column_text][vc_empty_space height=&#8220;12px&#8220; alter_height=&#8220;none&#8220; hide_on_desktop=&#8220;&#8220; hide_on_notebook=&#8220;&#8220; hide_on_tablet=&#8220;&#8220; hide_on_mobile=&#8220;&#8220;]\n<div class=\"wpcf7 no-js\" id=\"wpcf7-f5305-o1\" lang=\"en-US\" dir=\"ltr\" data-wpcf7-id=\"5305\">\n<div class=\"screen-reader-response\"><p role=\"status\" aria-live=\"polite\" aria-atomic=\"true\"><\/p> <ul><\/ul><\/div>\n<form action=\"\/de\/wp-json\/wp\/v2\/pages\/5321#wpcf7-f5305-o1\" method=\"post\" class=\"wpcf7-form init wpcf7-acceptance-as-validation\" aria-label=\"Contact form\" novalidate=\"novalidate\" data-status=\"init\">\n<fieldset class=\"hidden-fields-container\"><input type=\"hidden\" name=\"_wpcf7\" value=\"5305\" \/><input type=\"hidden\" name=\"_wpcf7_version\" value=\"6.1.2\" \/><input type=\"hidden\" name=\"_wpcf7_locale\" value=\"en_US\" \/><input type=\"hidden\" name=\"_wpcf7_unit_tag\" value=\"wpcf7-f5305-o1\" \/><input type=\"hidden\" name=\"_wpcf7_container_post\" value=\"0\" \/><input type=\"hidden\" name=\"_wpcf7_posted_data_hash\" value=\"\" \/><input type=\"hidden\" name=\"_wpcf7_recaptcha_response\" value=\"\" \/>\n<\/fieldset>\n<div class=\"cf_columns light\">\n\t<div class=\"cf_column-1\">\n\t\t<p><label> Vorname und Nachname *<br \/>\n<span class=\"wpcf7-form-control-wrap\" data-name=\"your-name\"><input size=\"40\" maxlength=\"400\" class=\"wpcf7-form-control wpcf7-text wpcf7-validates-as-required\" aria-required=\"true\" aria-invalid=\"false\" placeholder=\"Vorname und Nachname *\" value=\"\" type=\"text\" name=\"your-name\" \/><\/span> <\/label>\n\t\t<\/p>\n\t<\/div>\n\t<div class=\"cf_column-1_2\">\n\t\t<p><label> Email*<br \/>\n<span class=\"wpcf7-form-control-wrap\" data-name=\"your-email\"><input size=\"40\" maxlength=\"400\" class=\"wpcf7-form-control wpcf7-email wpcf7-validates-as-required wpcf7-text wpcf7-validates-as-email\" aria-required=\"true\" aria-invalid=\"false\" placeholder=\"Email *\" value=\"\" type=\"email\" name=\"your-email\" \/><\/span> <\/label>\n\t\t<\/p>\n\t<\/div>\n\t<div class=\"cf_column-1_2\">\n\t\t<p><label> Telefon *<br \/>\n<span class=\"wpcf7-form-control-wrap\" data-name=\"phone-number\"><input size=\"40\" maxlength=\"400\" class=\"wpcf7-form-control wpcf7-text wpcf7-validates-as-required\" aria-required=\"true\" aria-invalid=\"false\" placeholder=\"Telefon *\" value=\"\" type=\"text\" name=\"phone-number\" \/><\/span> <\/label>\n\t\t<\/p>\n\t<\/div>\n\t<div class=\"cf_column-1_2\">\n\t\t<p><label> Check In *<br \/>\n<span class=\"wpcf7-form-control-wrap\" data-name=\"check-in\"><input size=\"40\" maxlength=\"400\" class=\"wpcf7-form-control wpcf7-text wpcf7-validates-as-required datefield\" aria-required=\"true\" aria-invalid=\"false\" placeholder=\"Check In *\" value=\"\" type=\"text\" name=\"check-in\" \/><\/span> <\/label>\n\t\t<\/p>\n\t<\/div>\n\t<div class=\"cf_column-1_2\">\n\t\t<p><label> Check Out *<br \/>\n<span class=\"wpcf7-form-control-wrap\" data-name=\"check-out\"><input size=\"40\" maxlength=\"400\" class=\"wpcf7-form-control wpcf7-text wpcf7-validates-as-required datefield\" aria-required=\"true\" aria-invalid=\"false\" placeholder=\"Check Out *\" value=\"\" type=\"text\" name=\"check-out\" \/><\/span> <\/label>\n\t\t<\/p>\n\t<\/div>\n\t<div class=\"cf_column-1_2\">\n\t\t<p><label> Erwachsene *<br \/>\n<span class=\"wpcf7-form-control-wrap\" data-name=\"number-adults\"><input size=\"40\" maxlength=\"400\" class=\"wpcf7-form-control wpcf7-text wpcf7-validates-as-required\" aria-required=\"true\" aria-invalid=\"false\" placeholder=\"Erwachsene *\" value=\"\" type=\"text\" name=\"number-adults\" \/><\/span> <\/label>\n\t\t<\/p>\n\t<\/div>\n\t<div class=\"cf_column-1_2\">\n\t\t<p><label> Kinder *<br \/>\n<span class=\"wpcf7-form-control-wrap\" data-name=\"number-children\"><input size=\"40\" maxlength=\"400\" class=\"wpcf7-form-control wpcf7-text wpcf7-validates-as-required\" aria-required=\"true\" aria-invalid=\"false\" placeholder=\"Kinder *\" value=\"\" type=\"text\" name=\"number-children\" \/><\/span> <\/label>\n\t\t<\/p>\n\t<\/div>\n\t<div class=\"cf_column-1\">\n\t\t<p><label> Detaillieren Sie Ihre Anfrage<br \/>\n<span class=\"wpcf7-form-control-wrap\" data-name=\"dettagli\"><textarea cols=\"40\" rows=\"10\" maxlength=\"2000\" class=\"wpcf7-form-control wpcf7-textarea\" aria-invalid=\"false\" name=\"dettagli\"><\/textarea><\/span> <\/label>\n\t\t<\/p>\n\t<\/div>\n\t<div class=\"cf_column-1\">\n\t\t<p><span class=\"wpcf7-form-control-wrap\" data-name=\"privacy\"><span class=\"wpcf7-form-control wpcf7-acceptance\"><span class=\"wpcf7-list-item\"><label><input type=\"checkbox\" name=\"privacy\" value=\"1\" aria-invalid=\"false\" \/><span class=\"wpcf7-list-item-label\">Ich habe die gelesen und akzeptiert <a href=\"\/privacy\/\" target=\"_blank\">Privacy Policy<\/a><\/span><\/label><\/span><\/span><\/span>\n\t\t<\/p>\n\t<\/div>\n\t<div class=\"cf_column-1\">\n\t\t<p><span class=\"wpcf7-form-control-wrap elemento\"><input name=\"elemento\" class=\"wpcf7-form-control wpcf7-dynamichidden wpcf7dtx-dynamictext\" size=\"40\" aria-invalid=\"false\" type=\"hidden\" value=\"https:\/\/www.campingvillageoasi.it\/de\/wp-json\/wp\/v2\/pages\/5321\" \/><\/span><input class=\"wpcf7-form-control wpcf7-submit has-spinner\" type=\"submit\" value=\"Anfrage senden\" \/>\n\t\t<\/p>\n\t<\/div>\n<\/div><div class=\"wpcf7-response-output\" aria-hidden=\"true\"><\/div>\n<\/form>\n<\/div>\n[\/vc_column_inner][\/vc_row_inner][\/vc_column][\/vc_row]<\/p>\n","protected":false},"excerpt":{"rendered":"<p>[vc_row el_class=&#8220;schedacarosello&#8220;][vc_column icons_position=&#8220;left&#8220;][vc_images_carousel images=&#8220;4564,4567,4570,4573,4576,4579,4582,4585,4588,4591,4594,4597,4600,4603,4606,4609,4612,4615&#8243; img_size=&#8220;full&#8220; hide_pagination_control=&#8220;yes&#8220; partial_view=&#8220;yes&#8220; wrap=&#8220;yes&#8220;][vc_empty_space height=&#8220;2vw&#8220; alter_height=&#8220;none&#8220; hide_on_desktop=&#8220;&#8220; hide_on_notebook=&#8220;&#8220; hide_on_tablet=&#8220;&#8220; hide_on_mobile=&#8220;&#8220;][vc_row_inner equal_height=&#8220;yes&#8220; content_placement=&#8220;middle&#8220; hide_bg_image_on_tablet=&#8220;&#8220; hide_bg_image_on_mobile=&#8220;&#8220; shape_divider_top_front=&#8220;&#8220; shape_divider_bottom_front=&#8220;&#8220; row_delimiter=&#8220;&#8220; el_class=&#8220;centrati&#8220;][vc_column_inner width=&#8220;1\/2&#8243; icons_position=&#8220;left&#8220;][vc_column_text] Bungalows [\/vc_column_text][\/vc_column_inner][vc_column_inner width=&#8220;1\/2&#8243; icons_position=&#8220;left&#8220; el_id=&#8220;mappacampeggio&#8220;][vc_icon icon_fontawesome=&#8220;far fa-map&#8220; color=&#8220;custom&#8220; custom_color=&#8220;#3b94b5&#8243;][vc_column_text] Campingkarte [\/vc_column_text][\/vc_column_inner][\/vc_row_inner][vc_row_inner css=&#8220;.vc_custom_1669797274224{padding-top: 35px !important;}&#8220; el_class=&#8220;allineare&#8220;][vc_column_inner width=&#8220;1\/6&#8243;&hellip;<\/p>\n","protected":false},"author":1,"featured_media":0,"parent":5316,"menu_order":0,"comment_status":"closed","ping_status":"closed","template":"","meta":{"_themeisle_gutenberg_block_has_review":false,"footnotes":""},"class_list":["post-5321","page","type-page","status-publish","hentry"],"_links":{"self":[{"href":"https:\/\/www.campingvillageoasi.it\/de\/wp-json\/wp\/v2\/pages\/5321","targetHints":{"allow":["GET"]}}],"collection":[{"href":"https:\/\/www.campingvillageoasi.it\/de\/wp-json\/wp\/v2\/pages"}],"about":[{"href":"https:\/\/www.campingvillageoasi.it\/de\/wp-json\/wp\/v2\/types\/page"}],"author":[{"embeddable":true,"href":"https:\/\/www.campingvillageoasi.it\/de\/wp-json\/wp\/v2\/users\/1"}],"replies":[{"embeddable":true,"href":"https:\/\/www.campingvillageoasi.it\/de\/wp-json\/wp\/v2\/comments?post=5321"}],"version-history":[{"count":0,"href":"https:\/\/www.campingvillageoasi.it\/de\/wp-json\/wp\/v2\/pages\/5321\/revisions"}],"up":[{"embeddable":true,"href":"https:\/\/www.campingvillageoasi.it\/de\/wp-json\/wp\/v2\/pages\/5316"}],"wp:attachment":[{"href":"https:\/\/www.campingvillageoasi.it\/de\/wp-json\/wp\/v2\/media?parent=5321"}],"curies":[{"name":"wp","href":"https:\/\/api.w.org\/{rel}","templated":true}]}}