{"id":5349,"date":"2023-01-30T14:49:06","date_gmt":"2023-01-30T13:49:06","guid":{"rendered":"http:\/\/new.campingvillageoasi.it\/camping-argentario\/services\/sports-fields-copy\/"},"modified":"2026-04-14T10:48:48","modified_gmt":"2026-04-14T08:48:48","slug":"sportplaetze","status":"publish","type":"page","link":"https:\/\/www.campingvillageoasi.it\/de\/campingplatz-argentario\/dienstleistungen\/sportplaetze\/","title":{"rendered":"Sportpl\u00e4tze"},"content":{"rendered":"<p>[vc_row full_width=&#8220;stretch_row&#8220; hide_bg_image_on_tablet=&#8220;&#8220; hide_bg_image_on_mobile=&#8220;&#8220; css=&#8220;.vc_custom_1675090371379{padding-bottom: 1.3vw !important;background-color: #efeeea !important;}&#8220; el_class=&#8220;bookingrow&#8220;][vc_column icons_position=&#8220;left&#8220;][vc_column_text]Buchen Sie Ihren Urlaub im Camping Village Oasi online, Bestpreisgarantie[\/vc_column_text][vc_raw_html]JTVCb2FzaV9zaW1wbGVib29raW5nJTIwbGFuZyUzRCUyMkFVVE8lMjIlNUQ=[\/vc_raw_html][\/vc_column][\/vc_row][vc_row full_width=&#8220;stretch_row&#8220; hide_bg_image_on_tablet=&#8220;&#8220; hide_bg_image_on_mobile=&#8220;&#8220; css=&#8220;.vc_custom_1669736999501{margin-top: -1px !important;background-image: url(https:\/\/www.campingvillageoasi.it\/wp-content\/uploads\/2022\/11\/subheader-background.png?id=3853) !important;background-position: bottom center !important;background-repeat: no-repeat !important;}&#8220;][vc_column hide_bg_image_on_tablet=&#8220;&#8220; hide_bg_image_on_mobile=&#8220;&#8220; icons_position=&#8220;left&#8220; css=&#8220;.vc_custom_1524663957365{background-size: cover !important;}&#8220;][vc_empty_space height=&#8220;2.5vw&#8220; alter_height=&#8220;none&#8220; hide_on_desktop=&#8220;&#8220; hide_on_notebook=&#8220;&#8220; hide_on_tablet=&#8220;&#8220; hide_on_mobile=&#8220;&#8220;][\/vc_column][\/vc_row][vc_row][vc_column icons_position=&#8220;left&#8220;][vc_empty_space height=&#8220;4vw&#8220; alter_height=&#8220;none&#8220; hide_on_desktop=&#8220;&#8220; hide_on_notebook=&#8220;&#8220; hide_on_tablet=&#8220;&#8220; hide_on_mobile=&#8220;&#8220;][vc_column_text]<\/p>\n<h1 style=\"text-align: center;\">Sportpl\u00e4tze<\/h1>\n<h6 style=\"text-align: center;\">ein sportlicher Urlaub<\/h6>\n<p>[\/vc_column_text][vc_empty_space height=&#8220;28px&#8220; alter_height=&#8220;none&#8220; hide_on_desktop=&#8220;&#8220; hide_on_notebook=&#8220;&#8220; hide_on_tablet=&#8220;&#8220; hide_on_mobile=&#8220;&#8220;][vc_images_carousel images=&#8220;5012,5015,5018,5021,5024,5027,5030,5033,5036,5039,5042&#8243; img_size=&#8220;full&#8220; hide_pagination_control=&#8220;yes&#8220; partial_view=&#8220;yes&#8220; wrap=&#8220;yes&#8220;][vc_empty_space alter_height=&#8220;none&#8220; hide_on_desktop=&#8220;&#8220; hide_on_notebook=&#8220;&#8220; hide_on_tablet=&#8220;&#8220; hide_on_mobile=&#8220;&#8220;][vc_column_text]Ein Tennisplatz und ein Fu\u00dfballplatz (gegen Geb\u00fchr) bieten den G\u00e4sten des Camping Village Oasis die M\u00f6glichkeit, ihre Freizeit zu gestalten.<\/p>\n<p>Der Beachvolleyballplatz, kostenlose Nutzung, l\u00e4sst Sie als Team spielen. Der 5 km lange Radweg, der den Campingplatz mit Albinia und der Giannella verbindet, wird von denjenigen gesch\u00e4tzt, die gerne wandern, laufen oder einfach nur Rad fahren.<\/p>\n<p>Unser Partnerunternehmen bietet den Fahrradverleih direkt vom Campingplatz aus an. Unsere G\u00e4ste k\u00f6nnen ihre Fahrr\u00e4der am Tag ihrer Ankunft buchen und w\u00e4hlen, wie viele Tage sie sie nutzen m\u00f6chten. Bezahlter Dienst.<\/p>\n<p align=\"justify\"><a href=\"https:\/\/www.campingvillageoasi.it\/de\/fahrradtourismus\/\" target=\"_blank\" rel=\"noopener\">Dank der Partnerschaft mit Cicloturismo k\u00f6nnen wir Ihnen zahlreiche Strecken zur Auswahl anbieten!<\/a><\/p>\n<p>[\/vc_column_text][vc_empty_space height=&#8220;3.5vw&#8220; alter_height=&#8220;none&#8220; hide_on_desktop=&#8220;&#8220; hide_on_notebook=&#8220;&#8220; hide_on_tablet=&#8220;&#8220; hide_on_mobile=&#8220;&#8220;][\/vc_column][\/vc_row][vc_row full_width=&#8220;stretch_row&#8220; hide_bg_image_on_tablet=&#8220;&#8220; hide_bg_image_on_mobile=&#8220;&#8220; css=&#8220;.vc_custom_1669741243033{margin-bottom: -1px !important;background-image: url(https:\/\/www.campingvillageoasi.it\/wp-content\/uploads\/2018\/04\/footer-background.png?id=3505) !important;background-position: top left !important;}&#8220;][vc_column hide_bg_image_on_tablet=&#8220;&#8220; hide_bg_image_on_mobile=&#8220;&#8220; icons_position=&#8220;left&#8220; css=&#8220;.vc_custom_1524663957365{background-size: cover !important;}&#8220;][vc_empty_space height=&#8220;3.5vw&#8220; alter_height=&#8220;none&#8220; hide_on_desktop=&#8220;&#8220; hide_on_notebook=&#8220;&#8220; hide_on_tablet=&#8220;&#8220; hide_on_mobile=&#8220;&#8220;][\/vc_column][\/vc_row][vc_row full_width=&#8220;stretch_row_content_no_spaces&#8220; hide_bg_image_on_tablet=&#8220;&#8220; hide_bg_image_on_mobile=&#8220;&#8220; css=&#8220;.vc_custom_1526732434775{background-color: #efeeea !important;}&#8220;][vc_column icons_position=&#8220;left&#8220;][vc_column_text]<\/p>\n<h3 style=\"text-align: center;\">Campingkarte<\/h3>\n<p>[\/vc_column_text][vc_empty_space height=&#8220;3.2vw&#8220; alter_height=&#8220;none&#8220; hide_on_desktop=&#8220;&#8220; hide_on_notebook=&#8220;&#8220; hide_on_tablet=&#8220;&#8220; hide_on_mobile=&#8220;&#8220;][vc_single_image image=&#8220;4491&#8243; img_size=&#8220;full&#8220; alignment=&#8220;center&#8220;][vc_empty_space height=&#8220;5.2vw&#8220; alter_height=&#8220;none&#8220; hide_on_desktop=&#8220;&#8220; hide_on_notebook=&#8220;&#8220; hide_on_tablet=&#8220;&#8220; hide_on_mobile=&#8220;&#8220;][\/vc_column][\/vc_row]<\/p>\n","protected":false},"excerpt":{"rendered":"<p>[vc_row full_width=&#8220;stretch_row&#8220; hide_bg_image_on_tablet=&#8220;&#8220; hide_bg_image_on_mobile=&#8220;&#8220; css=&#8220;.vc_custom_1675090371379{padding-bottom: 1.3vw !important;background-color: #efeeea !important;}&#8220; el_class=&#8220;bookingrow&#8220;][vc_column icons_position=&#8220;left&#8220;][vc_column_text]Buchen Sie Ihren Urlaub im Camping Village Oasi online, Bestpreisgarantie[\/vc_column_text][vc_raw_html]JTVCb2FzaV9zaW1wbGVib29raW5nJTIwbGFuZyUzRCUyMkFVVE8lMjIlNUQ=[\/vc_raw_html][\/vc_column][\/vc_row][vc_row full_width=&#8220;stretch_row&#8220; hide_bg_image_on_tablet=&#8220;&#8220; hide_bg_image_on_mobile=&#8220;&#8220; css=&#8220;.vc_custom_1669736999501{margin-top: -1px !important;background-image: url(https:\/\/www.campingvillageoasi.it\/wp-content\/uploads\/2022\/11\/subheader-background.png?id=3853) !important;background-position: bottom center !important;background-repeat: no-repeat !important;}&#8220;][vc_column hide_bg_image_on_tablet=&#8220;&#8220; hide_bg_image_on_mobile=&#8220;&#8220; icons_position=&#8220;left&#8220; css=&#8220;.vc_custom_1524663957365{background-size: cover !important;}&#8220;][vc_empty_space height=&#8220;2.5vw&#8220;&hellip;<\/p>\n","protected":false},"author":1,"featured_media":0,"parent":5334,"menu_order":0,"comment_status":"closed","ping_status":"closed","template":"","meta":{"_themeisle_gutenberg_block_has_review":false,"footnotes":""},"class_list":["post-5349","page","type-page","status-publish","hentry"],"_links":{"self":[{"href":"https:\/\/www.campingvillageoasi.it\/de\/wp-json\/wp\/v2\/pages\/5349","targetHints":{"allow":["GET"]}}],"collection":[{"href":"https:\/\/www.campingvillageoasi.it\/de\/wp-json\/wp\/v2\/pages"}],"about":[{"href":"https:\/\/www.campingvillageoasi.it\/de\/wp-json\/wp\/v2\/types\/page"}],"author":[{"embeddable":true,"href":"https:\/\/www.campingvillageoasi.it\/de\/wp-json\/wp\/v2\/users\/1"}],"replies":[{"embeddable":true,"href":"https:\/\/www.campingvillageoasi.it\/de\/wp-json\/wp\/v2\/comments?post=5349"}],"version-history":[{"count":1,"href":"https:\/\/www.campingvillageoasi.it\/de\/wp-json\/wp\/v2\/pages\/5349\/revisions"}],"predecessor-version":[{"id":17753,"href":"https:\/\/www.campingvillageoasi.it\/de\/wp-json\/wp\/v2\/pages\/5349\/revisions\/17753"}],"up":[{"embeddable":true,"href":"https:\/\/www.campingvillageoasi.it\/de\/wp-json\/wp\/v2\/pages\/5334"}],"wp:attachment":[{"href":"https:\/\/www.campingvillageoasi.it\/de\/wp-json\/wp\/v2\/media?parent=5349"}],"curies":[{"name":"wp","href":"https:\/\/api.w.org\/{rel}","templated":true}]}}