{"id":5352,"date":"2023-01-30T14:43:03","date_gmt":"2023-01-30T13:43:03","guid":{"rendered":"http:\/\/new.campingvillageoasi.it\/camping-argentario\/services\/tourist-entertainers-service-copy\/"},"modified":"2026-04-14T10:48:39","modified_gmt":"2026-04-14T08:48:39","slug":"touristischer-entertainer-service","status":"publish","type":"page","link":"https:\/\/www.campingvillageoasi.it\/de\/campingplatz-argentario\/dienstleistungen\/touristischer-entertainer-service\/","title":{"rendered":"Touristischer Entertainer-Service"},"content":{"rendered":"<p>[vc_row full_width=&#8220;stretch_row&#8220; hide_bg_image_on_tablet=&#8220;&#8220; hide_bg_image_on_mobile=&#8220;&#8220; css=&#8220;.vc_custom_1675090371379{padding-bottom: 1.3vw !important;background-color: #efeeea !important;}&#8220; el_class=&#8220;bookingrow&#8220;][vc_column icons_position=&#8220;left&#8220;][vc_column_text]Buchen Sie Ihren Urlaub im Camping Village Oasi online, Bestpreisgarantie[\/vc_column_text][vc_raw_html]JTVCb2FzaV9zaW1wbGVib29raW5nJTIwbGFuZyUzRCUyMkFVVE8lMjIlNUQ=[\/vc_raw_html][\/vc_column][\/vc_row][vc_row full_width=&#8220;stretch_row&#8220; hide_bg_image_on_tablet=&#8220;&#8220; hide_bg_image_on_mobile=&#8220;&#8220; css=&#8220;.vc_custom_1669736999501{margin-top: -1px !important;background-image: url(https:\/\/www.campingvillageoasi.it\/wp-content\/uploads\/2022\/11\/subheader-background.png?id=3853) !important;background-position: bottom center !important;background-repeat: no-repeat !important;}&#8220;][vc_column hide_bg_image_on_tablet=&#8220;&#8220; hide_bg_image_on_mobile=&#8220;&#8220; icons_position=&#8220;left&#8220; css=&#8220;.vc_custom_1524663957365{background-size: cover !important;}&#8220;][vc_empty_space height=&#8220;2.5vw&#8220; alter_height=&#8220;none&#8220; hide_on_desktop=&#8220;&#8220; hide_on_notebook=&#8220;&#8220; hide_on_tablet=&#8220;&#8220; hide_on_mobile=&#8220;&#8220;][\/vc_column][\/vc_row][vc_row][vc_column icons_position=&#8220;left&#8220;][vc_empty_space height=&#8220;4vw&#8220; alter_height=&#8220;none&#8220; hide_on_desktop=&#8220;&#8220; hide_on_notebook=&#8220;&#8220; hide_on_tablet=&#8220;&#8220; hide_on_mobile=&#8220;&#8220;][vc_column_text]<\/p>\n<h1 style=\"text-align: center;\">Touristischer Entertainer-Service<\/h1>\n<h6 style=\"text-align: center;\">Unterhaltung f\u00fcr die ganze Familie<\/h6>\n<p>[\/vc_column_text][vc_empty_space height=&#8220;28px&#8220; alter_height=&#8220;none&#8220; hide_on_desktop=&#8220;&#8220; hide_on_notebook=&#8220;&#8220; hide_on_tablet=&#8220;&#8220; hide_on_mobile=&#8220;&#8220;][vc_single_image image=&#8220;4866&#8243; img_size=&#8220;full&#8220; alignment=&#8220;center&#8220;][vc_empty_space alter_height=&#8220;none&#8220; hide_on_desktop=&#8220;&#8220; hide_on_notebook=&#8220;&#8220; hide_on_tablet=&#8220;&#8220; hide_on_mobile=&#8220;&#8220;][vc_column_text]<\/p>\n<p align=\"justify\">Morgens aufstehen und am\u00a0<strong>Strand<\/strong>\u00a0mit einem\u00a0<strong>L\u00e4cheln<\/strong>, einer H\u00f6flichkeitsgeste begr\u00fc\u00dft werden.<\/p>\n<p align=\"justify\">Die\u00a0<strong>Animateure sind fr\u00f6hliche Typen<\/strong>\u00a0mit dem gro\u00dfen Wunsch, ihre positive Einstellung in die Tat umzusetzen.<\/p>\n<p align=\"justify\"><strong>Profis<\/strong>\u00a0und darauf spezialisiert, alle in ihre Aktivit\u00e4ten einzubeziehen, werden sie Ihnen und Ihrer Familie\u00a0<strong>unvergessliche Tage<\/strong>\u00a0voller\u00a0<strong>Sport<\/strong>\u00a0und\u00a0<strong>Unterhaltung<\/strong>\u00a0bereiten. Sie organisieren\u00a0<strong>Sportturniere, Gruppent\u00e4nze und Aperitifspiele am Strand<\/strong>; Ihre Kinder werden sich im\u00a0<strong>Miniclub<\/strong>\u00a0und die Gr\u00f6\u00dferen im\u00a0<strong>Juniorclub<\/strong>\u00a0morgens am Strand und nachmittags im Unterhaltungsbereich vergn\u00fcgen.<\/p>\n<p align=\"justify\">Sie werden Ihre\u00a0<strong>Urlaubsabende<\/strong>\u00a0mit\u00a0<strong>Kabarettshows und Gruppentanzabenden<\/strong>\u00a0beleben.<\/p>\n<p>Camping ist perfekt f\u00fcr Familienurlaub. Unsere Animationsprogramm enth\u00e4lt Miniclub, Juniorclub, Strandspiele und Babydance. Die Kleinsten werden auch auf unseren Spielplatz Spa\u00df haben w\u00e4hrend die \u00c4lteren sich mit Pingpong, Tennisturnier oder Minifu\u00dfball vergn\u00fcgen k\u00f6nnen.[\/vc_column_text][vc_empty_space height=&#8220;3.5vw&#8220; alter_height=&#8220;none&#8220; hide_on_desktop=&#8220;&#8220; hide_on_notebook=&#8220;&#8220; hide_on_tablet=&#8220;&#8220; hide_on_mobile=&#8220;&#8220;][\/vc_column][\/vc_row][vc_row full_width=&#8220;stretch_row&#8220; hide_bg_image_on_tablet=&#8220;&#8220; hide_bg_image_on_mobile=&#8220;&#8220; css=&#8220;.vc_custom_1669741243033{margin-bottom: -1px !important;background-image: url(https:\/\/www.campingvillageoasi.it\/wp-content\/uploads\/2018\/04\/footer-background.png?id=3505) !important;background-position: top left !important;}&#8220;][vc_column hide_bg_image_on_tablet=&#8220;&#8220; hide_bg_image_on_mobile=&#8220;&#8220; icons_position=&#8220;left&#8220; css=&#8220;.vc_custom_1524663957365{background-size: cover !important;}&#8220;][vc_empty_space height=&#8220;3.5vw&#8220; alter_height=&#8220;none&#8220; hide_on_desktop=&#8220;&#8220; hide_on_notebook=&#8220;&#8220; hide_on_tablet=&#8220;&#8220; hide_on_mobile=&#8220;&#8220;][\/vc_column][\/vc_row][vc_row full_width=&#8220;stretch_row_content_no_spaces&#8220; hide_bg_image_on_tablet=&#8220;&#8220; hide_bg_image_on_mobile=&#8220;&#8220; css=&#8220;.vc_custom_1526732434775{background-color: #efeeea !important;}&#8220;][vc_column icons_position=&#8220;left&#8220;][vc_column_text]<\/p>\n<h3 style=\"text-align: center;\">Campingkarte<\/h3>\n<p>[\/vc_column_text][vc_empty_space height=&#8220;3.2vw&#8220; alter_height=&#8220;none&#8220; hide_on_desktop=&#8220;&#8220; hide_on_notebook=&#8220;&#8220; hide_on_tablet=&#8220;&#8220; hide_on_mobile=&#8220;&#8220;][vc_single_image image=&#8220;4491&#8243; img_size=&#8220;full&#8220; alignment=&#8220;center&#8220;][vc_empty_space height=&#8220;5.2vw&#8220; alter_height=&#8220;none&#8220; hide_on_desktop=&#8220;&#8220; hide_on_notebook=&#8220;&#8220; hide_on_tablet=&#8220;&#8220; hide_on_mobile=&#8220;&#8220;][\/vc_column][\/vc_row]<\/p>\n","protected":false},"excerpt":{"rendered":"<p>[vc_row full_width=&#8220;stretch_row&#8220; hide_bg_image_on_tablet=&#8220;&#8220; hide_bg_image_on_mobile=&#8220;&#8220; css=&#8220;.vc_custom_1675090371379{padding-bottom: 1.3vw !important;background-color: #efeeea !important;}&#8220; el_class=&#8220;bookingrow&#8220;][vc_column icons_position=&#8220;left&#8220;][vc_column_text]Buchen Sie Ihren Urlaub im Camping Village Oasi online, Bestpreisgarantie[\/vc_column_text][vc_raw_html]JTVCb2FzaV9zaW1wbGVib29raW5nJTIwbGFuZyUzRCUyMkFVVE8lMjIlNUQ=[\/vc_raw_html][\/vc_column][\/vc_row][vc_row full_width=&#8220;stretch_row&#8220; hide_bg_image_on_tablet=&#8220;&#8220; hide_bg_image_on_mobile=&#8220;&#8220; css=&#8220;.vc_custom_1669736999501{margin-top: -1px !important;background-image: url(https:\/\/www.campingvillageoasi.it\/wp-content\/uploads\/2022\/11\/subheader-background.png?id=3853) !important;background-position: bottom center !important;background-repeat: no-repeat !important;}&#8220;][vc_column hide_bg_image_on_tablet=&#8220;&#8220; hide_bg_image_on_mobile=&#8220;&#8220; icons_position=&#8220;left&#8220; css=&#8220;.vc_custom_1524663957365{background-size: cover !important;}&#8220;][vc_empty_space height=&#8220;2.5vw&#8220;&hellip;<\/p>\n","protected":false},"author":1,"featured_media":0,"parent":5334,"menu_order":0,"comment_status":"closed","ping_status":"closed","template":"","meta":{"_themeisle_gutenberg_block_has_review":false,"footnotes":""},"class_list":["post-5352","page","type-page","status-publish","hentry"],"_links":{"self":[{"href":"https:\/\/www.campingvillageoasi.it\/de\/wp-json\/wp\/v2\/pages\/5352","targetHints":{"allow":["GET"]}}],"collection":[{"href":"https:\/\/www.campingvillageoasi.it\/de\/wp-json\/wp\/v2\/pages"}],"about":[{"href":"https:\/\/www.campingvillageoasi.it\/de\/wp-json\/wp\/v2\/types\/page"}],"author":[{"embeddable":true,"href":"https:\/\/www.campingvillageoasi.it\/de\/wp-json\/wp\/v2\/users\/1"}],"replies":[{"embeddable":true,"href":"https:\/\/www.campingvillageoasi.it\/de\/wp-json\/wp\/v2\/comments?post=5352"}],"version-history":[{"count":1,"href":"https:\/\/www.campingvillageoasi.it\/de\/wp-json\/wp\/v2\/pages\/5352\/revisions"}],"predecessor-version":[{"id":17752,"href":"https:\/\/www.campingvillageoasi.it\/de\/wp-json\/wp\/v2\/pages\/5352\/revisions\/17752"}],"up":[{"embeddable":true,"href":"https:\/\/www.campingvillageoasi.it\/de\/wp-json\/wp\/v2\/pages\/5334"}],"wp:attachment":[{"href":"https:\/\/www.campingvillageoasi.it\/de\/wp-json\/wp\/v2\/media?parent=5352"}],"curies":[{"name":"wp","href":"https:\/\/api.w.org\/{rel}","templated":true}]}}