{"id":5355,"date":"2023-01-27T14:52:27","date_gmt":"2023-01-27T13:52:27","guid":{"rendered":"http:\/\/new.campingvillageoasi.it\/camping-argentario\/cleaning-policy-copy\/"},"modified":"2023-02-02T15:06:33","modified_gmt":"2023-02-02T14:06:33","slug":"reinigungsrichtlinie","status":"publish","type":"page","link":"https:\/\/www.campingvillageoasi.it\/de\/campingplatz-argentario\/reinigungsrichtlinie\/","title":{"rendered":"Reinigungsrichtlinie"},"content":{"rendered":"<p>[vc_row full_width=&#8220;stretch_row&#8220; hide_bg_image_on_tablet=&#8220;&#8220; hide_bg_image_on_mobile=&#8220;&#8220; css=&#8220;.vc_custom_1675090371379{padding-bottom: 1.3vw !important;background-color: #efeeea !important;}&#8220; el_class=&#8220;bookingrow&#8220;][vc_column icons_position=&#8220;left&#8220;][vc_column_text]Buchen Sie Ihren Urlaub im Camping Village Oasi online, Bestpreisgarantie[\/vc_column_text][vc_raw_html]JTNDZGl2JTIwaWQlM0QlMjJzYi1jb250YWluZXIlMjIlM0UlM0MlMkZkaXYlM0UlMjA=[\/vc_raw_html][\/vc_column][\/vc_row][vc_row full_width=&#8220;stretch_row&#8220; hide_bg_image_on_tablet=&#8220;&#8220; hide_bg_image_on_mobile=&#8220;&#8220; css=&#8220;.vc_custom_1669736999501{margin-top: -1px !important;background-image: url(https:\/\/www.campingvillageoasi.it\/wp-content\/uploads\/2022\/11\/subheader-background.png?id=3853) !important;background-position: bottom center !important;background-repeat: no-repeat !important;}&#8220;][vc_column hide_bg_image_on_tablet=&#8220;&#8220; hide_bg_image_on_mobile=&#8220;&#8220; icons_position=&#8220;left&#8220; css=&#8220;.vc_custom_1524663957365{background-size: cover !important;}&#8220;][vc_empty_space height=&#8220;2.5vw&#8220; alter_height=&#8220;none&#8220; hide_on_desktop=&#8220;&#8220; hide_on_notebook=&#8220;&#8220; hide_on_tablet=&#8220;&#8220; hide_on_mobile=&#8220;&#8220;][\/vc_column][\/vc_row][vc_row][vc_column icons_position=&#8220;left&#8220;][vc_empty_space height=&#8220;4vw&#8220; alter_height=&#8220;none&#8220; hide_on_desktop=&#8220;&#8220; hide_on_notebook=&#8220;&#8220; hide_on_tablet=&#8220;&#8220; hide_on_mobile=&#8220;&#8220;][vc_column_text]<\/p>\n<h1 style=\"text-align: center;\">Reinigungsrichtlinie<\/h1>\n<h6 style=\"text-align: center;\">Ihre Freiheit in Sicherheit<\/h6>\n<p>[\/vc_column_text][vc_empty_space height=&#8220;28px&#8220; alter_height=&#8220;none&#8220; hide_on_desktop=&#8220;&#8220; hide_on_notebook=&#8220;&#8220; hide_on_tablet=&#8220;&#8220; hide_on_mobile=&#8220;&#8220;][vc_single_image image=&#8220;4557&#8243; img_size=&#8220;full&#8220; alignment=&#8220;center&#8220;][vc_empty_space height=&#8220;28px&#8220; alter_height=&#8220;none&#8220; hide_on_desktop=&#8220;&#8220; hide_on_notebook=&#8220;&#8220; hide_on_tablet=&#8220;&#8220; hide_on_mobile=&#8220;&#8220;][vc_column_text]Das Camping Village Oasi m\u00f6chte allen seinen G\u00e4sten den Urlaub bieten, von dem sie seit Monaten tr\u00e4umen, und das in absoluter Sicherheit.<\/p>\n<p>Aus diesem Grund ist es dank der Zusammenarbeit zwischen unseren Mitarbeitern und Ihnen allen m\u00f6glich, mit Ihrer Familie oder Freunden einen angenehmen Sommer am Meer zu verbringen.<\/p>\n<p>Die Einhaltung der sozialen Distanzierung wird dank der gro\u00dfen Fl\u00e4che unseres Dorfes einfach sein; Zugang und R\u00fcckkehr vom Strand werden durch spezielle Schilder angezeigt; die Stellpl\u00e4tze f\u00fcr Zelte, Wohnwagen oder Wohnmobile sind gro\u00df und weit voneinander entfernt, um Freiheit und Sicherheit zu gew\u00e4hrleisten; Alle Bungalows und ausgestatteten Zelte haben unabh\u00e4ngige Eing\u00e4nge und es gibt keine engen oder \u00fcberdachten Passagen.<\/p>\n<p>Wir haben ein Protokoll in \u00dcbereinstimmung mit staatlichen und regionalen Vorschriften verabschiedet, um Ihnen einen angenehmen und sicheren Aufenthalt zu bieten.[\/vc_column_text][vc_row_inner css=&#8220;.vc_custom_1674827998899{margin-top: 32px !important;margin-bottom: 32px !important;}&#8220;][vc_column_inner width=&#8220;1\/2&#8243; icons_position=&#8220;left&#8220;][vc_column_text]<\/p>\n<h3>Was werden wir tun?<\/h3>\n<ul>\n<li>Desinfektion von Bungalows und Zelten, die mit Produkten auf Alkoholbasis und Natriumhypochlorit auf allen Oberfl\u00e4chen ausgestattet sind, und Desinfektion durch Luft mit einem Ozonger\u00e4t<\/li>\n<li>Reinigung mit chlorhaltigen Produkten aller \u00f6ffentlichen Bereiche mehrmals t\u00e4glich, jeden Tag, innerhalb des Dorfes und am Strand<\/li>\n<li>Desinfektion der \u00f6ffentlichen Dienstleistungen des Campingplatzes mit Produkten auf Alkohol- und Natriumhypochloritbasis viermal t\u00e4glich und Kennzeichnung der Eingangs- und Ausgangskorridore zu den Toiletten und Waschr\u00e4umen<\/li>\n<li>Kontingentierte Eintritte im Dorf und in Gesch\u00e4ften und Mehrschichtbetrieb f\u00fcr die Gastronomie; mit der M\u00f6glichkeit zum Mitnehmen.<\/li>\n<\/ul>\n<p>[\/vc_column_text][\/vc_column_inner][vc_column_inner width=&#8220;1\/2&#8243; icons_position=&#8220;left&#8220;][vc_column_text]<\/p>\n<h3>Was werden Sie tun?<\/h3>\n<ul>\n<li>Sie werden mit Ihren Kindern am Strand spielen<\/li>\n<li>Sie werden gutes Essen essen<\/li>\n<li>Sie werden wunderbare Fotos mit #vacanzemaremma und #campingvillageoasi machen<\/li>\n<li>Sie werden einen sch\u00f6nen und unvergesslichen Aufenthalt in Kontakt mit der Natur und weit weg vom Stress der letzten Monate verbringen<\/li>\n<\/ul>\n<p>[\/vc_column_text][\/vc_column_inner][\/vc_row_inner][vc_empty_space height=&#8220;28px&#8220; alter_height=&#8220;none&#8220; hide_on_desktop=&#8220;&#8220; hide_on_notebook=&#8220;&#8220; hide_on_tablet=&#8220;&#8220; hide_on_mobile=&#8220;&#8220;][vc_column_text]Zusammen, respektvoll und zusammenarbeitend, werden wir einen herrlichen und warmen, sonnigen Sommer verbringen.[\/vc_column_text][vc_empty_space height=&#8220;3.5vw&#8220; alter_height=&#8220;none&#8220; hide_on_desktop=&#8220;&#8220; hide_on_notebook=&#8220;&#8220; hide_on_tablet=&#8220;&#8220; hide_on_mobile=&#8220;&#8220;][\/vc_column][\/vc_row][vc_row full_width=&#8220;stretch_row&#8220; hide_bg_image_on_tablet=&#8220;&#8220; hide_bg_image_on_mobile=&#8220;&#8220; css=&#8220;.vc_custom_1669741243033{margin-bottom: -1px !important;background-image: url(https:\/\/www.campingvillageoasi.it\/wp-content\/uploads\/2018\/04\/footer-background.png?id=3505) !important;background-position: top left !important;}&#8220;][vc_column hide_bg_image_on_tablet=&#8220;&#8220; hide_bg_image_on_mobile=&#8220;&#8220; icons_position=&#8220;left&#8220; css=&#8220;.vc_custom_1524663957365{background-size: cover !important;}&#8220;][vc_empty_space height=&#8220;3.5vw&#8220; alter_height=&#8220;none&#8220; hide_on_desktop=&#8220;&#8220; hide_on_notebook=&#8220;&#8220; hide_on_tablet=&#8220;&#8220; hide_on_mobile=&#8220;&#8220;][\/vc_column][\/vc_row][vc_row full_width=&#8220;stretch_row_content_no_spaces&#8220; hide_bg_image_on_tablet=&#8220;&#8220; hide_bg_image_on_mobile=&#8220;&#8220; css=&#8220;.vc_custom_1526732434775{background-color: #efeeea !important;}&#8220;][vc_column icons_position=&#8220;left&#8220;][vc_column_text]<\/p>\n<h3 style=\"text-align: center;\">Campingkarte<\/h3>\n<p>[\/vc_column_text][vc_empty_space height=&#8220;3.2vw&#8220; alter_height=&#8220;none&#8220; hide_on_desktop=&#8220;&#8220; hide_on_notebook=&#8220;&#8220; hide_on_tablet=&#8220;&#8220; hide_on_mobile=&#8220;&#8220;][vc_single_image image=&#8220;4491&#8243; img_size=&#8220;full&#8220; alignment=&#8220;center&#8220;][vc_empty_space height=&#8220;5.2vw&#8220; alter_height=&#8220;none&#8220; hide_on_desktop=&#8220;&#8220; hide_on_notebook=&#8220;&#8220; hide_on_tablet=&#8220;&#8220; hide_on_mobile=&#8220;&#8220;][\/vc_column][\/vc_row]<\/p>\n","protected":false},"excerpt":{"rendered":"<p>[vc_row full_width=&#8220;stretch_row&#8220; hide_bg_image_on_tablet=&#8220;&#8220; hide_bg_image_on_mobile=&#8220;&#8220; css=&#8220;.vc_custom_1675090371379{padding-bottom: 1.3vw !important;background-color: #efeeea !important;}&#8220; el_class=&#8220;bookingrow&#8220;][vc_column icons_position=&#8220;left&#8220;][vc_column_text]Buchen Sie Ihren Urlaub im Camping Village Oasi online, Bestpreisgarantie[\/vc_column_text][vc_raw_html]JTNDZGl2JTIwaWQlM0QlMjJzYi1jb250YWluZXIlMjIlM0UlM0MlMkZkaXYlM0UlMjA=[\/vc_raw_html][\/vc_column][\/vc_row][vc_row full_width=&#8220;stretch_row&#8220; hide_bg_image_on_tablet=&#8220;&#8220; hide_bg_image_on_mobile=&#8220;&#8220; css=&#8220;.vc_custom_1669736999501{margin-top: -1px !important;background-image: url(https:\/\/www.campingvillageoasi.it\/wp-content\/uploads\/2022\/11\/subheader-background.png?id=3853) !important;background-position: bottom center !important;background-repeat: no-repeat !important;}&#8220;][vc_column hide_bg_image_on_tablet=&#8220;&#8220; hide_bg_image_on_mobile=&#8220;&#8220; icons_position=&#8220;left&#8220; css=&#8220;.vc_custom_1524663957365{background-size: cover !important;}&#8220;][vc_empty_space height=&#8220;2.5vw&#8220;&hellip;<\/p>\n","protected":false},"author":1,"featured_media":0,"parent":5316,"menu_order":0,"comment_status":"closed","ping_status":"closed","template":"","meta":{"_themeisle_gutenberg_block_has_review":false,"footnotes":""},"class_list":["post-5355","page","type-page","status-publish","hentry"],"_links":{"self":[{"href":"https:\/\/www.campingvillageoasi.it\/de\/wp-json\/wp\/v2\/pages\/5355","targetHints":{"allow":["GET"]}}],"collection":[{"href":"https:\/\/www.campingvillageoasi.it\/de\/wp-json\/wp\/v2\/pages"}],"about":[{"href":"https:\/\/www.campingvillageoasi.it\/de\/wp-json\/wp\/v2\/types\/page"}],"author":[{"embeddable":true,"href":"https:\/\/www.campingvillageoasi.it\/de\/wp-json\/wp\/v2\/users\/1"}],"replies":[{"embeddable":true,"href":"https:\/\/www.campingvillageoasi.it\/de\/wp-json\/wp\/v2\/comments?post=5355"}],"version-history":[{"count":0,"href":"https:\/\/www.campingvillageoasi.it\/de\/wp-json\/wp\/v2\/pages\/5355\/revisions"}],"up":[{"embeddable":true,"href":"https:\/\/www.campingvillageoasi.it\/de\/wp-json\/wp\/v2\/pages\/5316"}],"wp:attachment":[{"href":"https:\/\/www.campingvillageoasi.it\/de\/wp-json\/wp\/v2\/media?parent=5355"}],"curies":[{"name":"wp","href":"https:\/\/api.w.org\/{rel}","templated":true}]}}